{"id":425,"date":"2017-02-23T20:08:52","date_gmt":"2017-02-23T19:08:52","guid":{"rendered":"https:\/\/blog.anep-economics.org\/?page_id=425"},"modified":"2017-12-10T13:57:27","modified_gmt":"2017-12-10T12:57:27","slug":"spenden","status":"publish","type":"page","link":"https:\/\/blog.anep-economics.org\/?page_id=425&lang=de","title":{"rendered":"Spenden"},"content":{"rendered":"<p>Wir freuen uns \u00fcber jedwede Unterst\u00fctzung! Falls Sie spenden m\u00f6chten, hier die notwendigen Infos:<\/p>\n<p>Kontoinhaber: <strong>Academy for New European Political Economics e.V.<\/strong><\/p>\n<p>Kto.-Nr.: 1004788228<br \/>\nBLZ: 70150000<br \/>\nSparkasse M\u00fcnchen<br \/>\nIBAN: DE82 7015 0000 1004 7882 28<br \/>\nBIC: SSKMDEMM<\/p>\n<p><span class=\"author-a-z86zz82zw1z78zlz86z6xz84zmz75zb2kf\" title=\"Nicolas\">Wir sind ein <\/span><span class=\"author-a-rz65zz68zy9ktz73zz74zz79znz74zamz78z2\" title=\"Wischer\">gemeinn\u00fctzig anerkannter Verein, der laut \u00a75 K\u00f6rperschaftssteuergesetz von der K\u00f6rperschaftststeuer befreit ist. <\/span>Bis zu einem Betrag von 200\u20ac reicht Ihnen der Kontoauszug \/ Einzahlbeleg f\u00fcr das Finanzamt als Spendennachweis. Bei gr\u00f6\u00dferen Betr\u00e4gen erhalten Sie von uns eine Spendenquittung, sofern uns die Kontaktdaten vorliegen. Wir bitten Sie die n\u00f6tigen Informationen an spende(at)anep-economics.org zu \u00fcbermitteln.<\/p>\n<p><span style=\"color: #ff0000;\"><strong>Haben Sie vielen Dank f\u00fcr Ihre Unterst\u00fctzung unserer Arbeit!<\/strong><\/span><\/p>\n","protected":false},"excerpt":{"rendered":"<p>Wir freuen uns \u00fcber jedwede Unterst\u00fctzung! Falls Sie spenden m\u00f6chten, hier die notwendigen Infos: Kontoinhaber: Academy for New European Political Economics e.V. Kto.-Nr.: 1004788228 BLZ: 70150000 Sparkasse M\u00fcnchen IBAN: DE82 7015 0000 1004 7882 28 BIC: SSKMDEMM Wir sind ein gemeinn\u00fctzig anerkannter Verein, der laut \u00a75 K\u00f6rperschaftssteuergesetz von der K\u00f6rperschaftststeuer befreit ist. Bis zu einem&hellip; <a class=\"more-link\" href=\"https:\/\/blog.anep-economics.org\/?page_id=425&#038;lang=de\"><span class=\"screen-reader-text\">Spenden<\/span> weiterlesen<\/a><\/p>\n","protected":false},"author":1,"featured_media":0,"parent":0,"menu_order":0,"comment_status":"closed","ping_status":"closed","template":"","meta":{"_bbp_topic_count":0,"_bbp_reply_count":0,"_bbp_total_topic_count":0,"_bbp_total_reply_count":0,"_bbp_voice_count":0,"_bbp_anonymous_reply_count":0,"_bbp_topic_count_hidden":0,"_bbp_reply_count_hidden":0,"_bbp_forum_subforum_count":0,"footnotes":""},"class_list":["post-425","page","type-page","status-publish","hentry","entry"],"_links":{"self":[{"href":"https:\/\/blog.anep-economics.org\/index.php?rest_route=\/wp\/v2\/pages\/425","targetHints":{"allow":["GET"]}}],"collection":[{"href":"https:\/\/blog.anep-economics.org\/index.php?rest_route=\/wp\/v2\/pages"}],"about":[{"href":"https:\/\/blog.anep-economics.org\/index.php?rest_route=\/wp\/v2\/types\/page"}],"author":[{"embeddable":true,"href":"https:\/\/blog.anep-economics.org\/index.php?rest_route=\/wp\/v2\/users\/1"}],"replies":[{"embeddable":true,"href":"https:\/\/blog.anep-economics.org\/index.php?rest_route=%2Fwp%2Fv2%2Fcomments&post=425"}],"version-history":[{"count":5,"href":"https:\/\/blog.anep-economics.org\/index.php?rest_route=\/wp\/v2\/pages\/425\/revisions"}],"predecessor-version":[{"id":646,"href":"https:\/\/blog.anep-economics.org\/index.php?rest_route=\/wp\/v2\/pages\/425\/revisions\/646"}],"wp:attachment":[{"href":"https:\/\/blog.anep-economics.org\/index.php?rest_route=%2Fwp%2Fv2%2Fmedia&parent=425"}],"curies":[{"name":"wp","href":"https:\/\/api.w.org\/{rel}","templated":true}]}}